{"id":6187,"date":"2025-11-05T17:33:39","date_gmt":"2025-11-05T17:33:39","guid":{"rendered":"https:\/\/aldeiarizoma.com\/?post_type=product&#038;p=6187"},"modified":"2026-04-16T12:02:07","modified_gmt":"2026-04-16T12:02:07","slug":"retiro-natureza-intima-quarto-duplo","status":"publish","type":"product","link":"https:\/\/aldeiarizoma.com\/en\/product\/retiro-natureza-intima-quarto-duplo\/","title":{"rendered":"Retiro Natureza \u00cdntima &#8211; Quarto Duplo"},"content":{"rendered":"","protected":false},"excerpt":{"rendered":"<p>Acomoda\u00e7\u00e3o para o retiro Natureza \u00cdntima que ser\u00e1 realizado entre os dias 30 de Junho a 03 de Maio de 2026 na Aldeia Rizoma.<\/p>\n<p>Essa op\u00e7\u00e3o de acomoda\u00e7\u00e3o conta com <span style=\"font-weight: 400;\">banheiro compartilhado.<\/span><\/p>","protected":false},"featured_media":2270,"template":"","meta":[],"product_brand":[],"product_cat":[73],"product_tag":[],"class_list":{"0":"post-6187","1":"product","2":"type-product","3":"status-publish","4":"has-post-thumbnail","6":"product_cat-uncategorized","8":"first","9":"instock","10":"virtual","11":"purchasable","12":"product-type-simple"},"meta_box":[],"_links":{"self":[{"href":"https:\/\/aldeiarizoma.com\/en\/wp-json\/wp\/v2\/product\/6187","targetHints":{"allow":["GET"]}}],"collection":[{"href":"https:\/\/aldeiarizoma.com\/en\/wp-json\/wp\/v2\/product"}],"about":[{"href":"https:\/\/aldeiarizoma.com\/en\/wp-json\/wp\/v2\/types\/product"}],"wp:featuredmedia":[{"embeddable":true,"href":"https:\/\/aldeiarizoma.com\/en\/wp-json\/wp\/v2\/media\/2270"}],"wp:attachment":[{"href":"https:\/\/aldeiarizoma.com\/en\/wp-json\/wp\/v2\/media?parent=6187"}],"wp:term":[{"taxonomy":"product_brand","embeddable":true,"href":"https:\/\/aldeiarizoma.com\/en\/wp-json\/wp\/v2\/product_brand?post=6187"},{"taxonomy":"product_cat","embeddable":true,"href":"https:\/\/aldeiarizoma.com\/en\/wp-json\/wp\/v2\/product_cat?post=6187"},{"taxonomy":"product_tag","embeddable":true,"href":"https:\/\/aldeiarizoma.com\/en\/wp-json\/wp\/v2\/product_tag?post=6187"}],"curies":[{"name":"wp","href":"https:\/\/api.w.org\/{rel}","templated":true}]}}