{"id":6186,"date":"2025-11-05T17:31:54","date_gmt":"2025-11-05T17:31:54","guid":{"rendered":"https:\/\/aldeiarizoma.com\/?post_type=product&#038;p=6186"},"modified":"2026-02-28T00:57:00","modified_gmt":"2026-02-28T00:57:00","slug":"retiro-natureza-intima-quarto-individual","status":"publish","type":"product","link":"https:\/\/aldeiarizoma.com\/en\/product\/retiro-natureza-intima-quarto-individual\/","title":{"rendered":"Retiro Natureza \u00cdntima &#8211; Quarto individual"},"content":{"rendered":"","protected":false},"excerpt":{"rendered":"<p>Acomoda\u00e7\u00e3o para o retiro Natureza \u00cdntima que ser\u00e1 realizado entre os dias 30 de Junho a 03 de Maio de 2026 na Aldeia Rizoma.<\/p>","protected":false},"featured_media":5873,"template":"","meta":[],"product_brand":[],"product_cat":[73],"product_tag":[],"class_list":{"0":"post-6186","1":"product","2":"type-product","3":"status-publish","4":"has-post-thumbnail","6":"product_cat-uncategorized","8":"first","9":"instock","10":"virtual","11":"purchasable","12":"product-type-simple"},"meta_box":[],"_links":{"self":[{"href":"https:\/\/aldeiarizoma.com\/en\/wp-json\/wp\/v2\/product\/6186","targetHints":{"allow":["GET"]}}],"collection":[{"href":"https:\/\/aldeiarizoma.com\/en\/wp-json\/wp\/v2\/product"}],"about":[{"href":"https:\/\/aldeiarizoma.com\/en\/wp-json\/wp\/v2\/types\/product"}],"wp:featuredmedia":[{"embeddable":true,"href":"https:\/\/aldeiarizoma.com\/en\/wp-json\/wp\/v2\/media\/5873"}],"wp:attachment":[{"href":"https:\/\/aldeiarizoma.com\/en\/wp-json\/wp\/v2\/media?parent=6186"}],"wp:term":[{"taxonomy":"product_brand","embeddable":true,"href":"https:\/\/aldeiarizoma.com\/en\/wp-json\/wp\/v2\/product_brand?post=6186"},{"taxonomy":"product_cat","embeddable":true,"href":"https:\/\/aldeiarizoma.com\/en\/wp-json\/wp\/v2\/product_cat?post=6186"},{"taxonomy":"product_tag","embeddable":true,"href":"https:\/\/aldeiarizoma.com\/en\/wp-json\/wp\/v2\/product_tag?post=6186"}],"curies":[{"name":"wp","href":"https:\/\/api.w.org\/{rel}","templated":true}]}}