{"id":977,"date":"2021-12-24T10:23:09","date_gmt":"2021-12-24T10:23:09","guid":{"rendered":"http:\/\/fastwpdemo.com\/newwp\/bluebell\/?page_id=977"},"modified":"2024-03-19T18:27:18","modified_gmt":"2024-03-19T18:27:18","slug":"wellness","status":"publish","type":"page","link":"https:\/\/aldeiarizoma.com\/en\/wellness\/","title":{"rendered":"Wellness"},"content":{"rendered":"<style>.elementor-977 .elementor-element.elementor-element-385bfc1 > .elementor-container{min-height:600px;}.elementor-977 .elementor-element.elementor-element-385bfc1{transition:background 0.3s, border 0.3s, border-radius 0.3s, box-shadow 0.3s;margin-top:-15px;margin-bottom:0px;padding:0px 0px 0px 0px;}.elementor-977 .elementor-element.elementor-element-385bfc1 > .elementor-background-overlay{transition:background 0.3s, border-radius 0.3s, opacity 0.3s;}.elementor-977 .elementor-element.elementor-element-3b9ea982{text-align:center;}.elementor-977 .elementor-element.elementor-element-3b9ea982 .elementor-heading-title{font-size:72px;font-weight:700;color:#FFFFFF;}.elementor-977 .elementor-element.elementor-element-54df063:not(.elementor-motion-effects-element-type-background), .elementor-977 .elementor-element.elementor-element-54df063 > .elementor-motion-effects-container > .elementor-motion-effects-layer{background-color:#000000;}.elementor-977 .elementor-element.elementor-element-54df063{transition:background 0.3s, border 0.3s, border-radius 0.3s, box-shadow 0.3s;margin-top:0px;margin-bottom:-20px;padding:0px 0px 0px 0px;z-index:1;}.elementor-977 .elementor-element.elementor-element-54df063 > .elementor-background-overlay{transition:background 0.3s, border-radius 0.3s, opacity 0.3s;}.elementor-977 .elementor-element.elementor-element-e4aff90{--spacer-size:90px;}.elementor-977 .elementor-element.elementor-element-942f350 .elementor-heading-title{font-family:\"Roboto\", Sans-serif;font-size:14px;font-weight:700;text-transform:uppercase;line-height:1.6em;letter-spacing:2px;color:#FF9900;}.elementor-977 .elementor-element.elementor-element-942f350 > .elementor-widget-container{margin:0px 0px 10px 40px;padding:0px 53px 0px 0px;}.elementor-977 .elementor-element.elementor-element-b32706c .elementor-heading-title{font-family:\"Poppins\", Sans-serif;font-size:30px;font-weight:800;line-height:60px;color:var( --e-global-color-f0e0728 );}.elementor-977 .elementor-element.elementor-element-b32706c > .elementor-widget-container{margin:0px 50px 10px 40px;padding:0px 0px 0px 0px;}.elementor-977 .elementor-element.elementor-element-46e42af{margin-top:-50px;margin-bottom:-120px;}.elementor-977 .elementor-element.elementor-element-f4ae335 > .elementor-widget-container{margin:-40px 0px 0px 0px;padding:0px 0px 0px 0px;}@media(max-width:1024px){.elementor-977 .elementor-element.elementor-element-385bfc1 > .elementor-container{min-height:480px;}.elementor-977 .elementor-element.elementor-element-e4aff90{--spacer-size:60px;}.elementor-977 .elementor-element.elementor-element-b32706c > .elementor-widget-container{margin:0px 0px 10px 40px;}}@media(max-width:767px){.elementor-977 .elementor-element.elementor-element-385bfc1 > .elementor-container{min-height:500px;}.elementor-977 .elementor-element.elementor-element-385bfc1 .elementor-background-slideshow__slide__image{background-position:bottom center;}.elementor-977 .elementor-element.elementor-element-3b9ea982 .elementor-heading-title{font-size:50px;}.elementor-977 .elementor-element.elementor-element-e4aff90{--spacer-size:30px;}.elementor-977 .elementor-element.elementor-element-942f350 > .elementor-widget-container{margin:0px 0px 0px 30px;padding:0px 0px 0px 0px;}.elementor-977 .elementor-element.elementor-element-b32706c > .elementor-widget-container{margin:0px 10px 10px 30px;padding:0px 0px 0px 0px;}}<\/style>\t\t<div data-elementor-type=\"wp-page\" data-elementor-id=\"977\" class=\"elementor elementor-977\" data-elementor-post-type=\"page\">\n\t\t\t\t\t\t<section class=\"elementor-section elementor-top-section elementor-element elementor-element-385bfc1 elementor-section-full_width elementor-section-height-min-height elementor-section-height-default elementor-section-items-middle\" data-id=\"385bfc1\" data-element_type=\"section\" data-e-type=\"section\" data-settings=\"{&quot;background_background&quot;:&quot;slideshow&quot;,&quot;background_slideshow_gallery&quot;:[{&quot;id&quot;:3309,&quot;url&quot;:&quot;https:\\\/\\\/aldeiarizoma.com\\\/wp-content\\\/uploads\\\/2022\\\/11\\\/massagem.jpg&quot;}],&quot;background_slideshow_slide_duration&quot;:3000,&quot;background_slideshow_slide_transition&quot;:&quot;slide_left&quot;,&quot;background_slideshow_loop&quot;:&quot;yes&quot;,&quot;background_slideshow_transition_duration&quot;:500}\">\n\t\t\t\t\t\t<div class=\"elementor-container elementor-column-gap-default\">\n\t\t\t\t\t<div class=\"elementor-column elementor-col-100 elementor-top-column elementor-element elementor-element-4d96c714\" data-id=\"4d96c714\" data-element_type=\"column\" data-e-type=\"column\">\n\t\t\t<div class=\"elementor-widget-wrap elementor-element-populated\">\n\t\t\t\t\t\t<div class=\"elementor-element elementor-element-3b9ea982 elementor-widget elementor-widget-heading\" data-id=\"3b9ea982\" data-element_type=\"widget\" data-e-type=\"widget\" data-widget_type=\"heading.default\">\n\t\t\t\t<div class=\"elementor-widget-container\">\n\t\t\t\t\t<h3 class=\"elementor-heading-title elementor-size-default\">Wellness<\/h3>\t\t\t\t<\/div>\n\t\t\t\t<\/div>\n\t\t\t\t\t<\/div>\n\t\t<\/div>\n\t\t\t\t\t<\/div>\n\t\t<\/section>\n\t\t\t\t<section class=\"elementor-section elementor-top-section elementor-element elementor-element-54df063 elementor-section-boxed elementor-section-height-default elementor-section-height-default\" data-id=\"54df063\" data-element_type=\"section\" data-e-type=\"section\" data-settings=\"{&quot;background_background&quot;:&quot;classic&quot;}\">\n\t\t\t\t\t\t<div class=\"elementor-container elementor-column-gap-default\">\n\t\t\t\t\t<div class=\"elementor-column elementor-col-100 elementor-top-column elementor-element elementor-element-96f3048\" data-id=\"96f3048\" data-element_type=\"column\" data-e-type=\"column\">\n\t\t\t<div class=\"elementor-widget-wrap elementor-element-populated\">\n\t\t\t\t\t\t<div class=\"elementor-element elementor-element-e4aff90 elementor-widget elementor-widget-spacer\" data-id=\"e4aff90\" data-element_type=\"widget\" data-e-type=\"widget\" data-widget_type=\"spacer.default\">\n\t\t\t\t<div class=\"elementor-widget-container\">\n\t\t\t\t\t\t\t<div class=\"elementor-spacer\">\n\t\t\t<div class=\"elementor-spacer-inner\"><\/div>\n\t\t<\/div>\n\t\t\t\t\t\t<\/div>\n\t\t\t\t<\/div>\n\t\t\t\t<div class=\"elementor-element elementor-element-942f350 elementor-widget elementor-widget-heading\" data-id=\"942f350\" data-element_type=\"widget\" data-e-type=\"widget\" data-widget_type=\"heading.default\">\n\t\t\t\t<div class=\"elementor-widget-container\">\n\t\t\t\t\t<h2 class=\"elementor-heading-title elementor-size-default\">spa hol\u00edstico<\/h2>\t\t\t\t<\/div>\n\t\t\t\t<\/div>\n\t\t\t\t<div class=\"elementor-element elementor-element-b32706c elementor-widget elementor-widget-heading\" data-id=\"b32706c\" data-element_type=\"widget\" data-e-type=\"widget\" data-widget_type=\"heading.default\">\n\t\t\t\t<div class=\"elementor-widget-container\">\n\t\t\t\t\t<h2 class=\"elementor-heading-title elementor-size-default\">Wellness em meio \u00e0 Mata Atl\u00e2ntica<\/h2>\t\t\t\t<\/div>\n\t\t\t\t<\/div>\n\t\t\t\t\t<\/div>\n\t\t<\/div>\n\t\t\t\t\t<\/div>\n\t\t<\/section>\n\t\t\t\t<section class=\"elementor-section elementor-top-section elementor-element elementor-element-46e42af elementor-section-full_width elementor-section-height-default elementor-section-height-default\" data-id=\"46e42af\" data-element_type=\"section\" data-e-type=\"section\">\n\t\t\t\t\t\t<div class=\"elementor-container elementor-column-gap-default\">\n\t\t\t\t\t<div class=\"elementor-column elementor-col-100 elementor-top-column elementor-element elementor-element-198ed1f\" data-id=\"198ed1f\" data-element_type=\"column\" data-e-type=\"column\">\n\t\t\t<div class=\"elementor-widget-wrap elementor-element-populated\">\n\t\t\t\t\t\t<div class=\"elementor-element elementor-element-f4ae335 elementor-widget elementor-widget-bluebell_our_facilities_v2\" data-id=\"f4ae335\" data-element_type=\"widget\" data-e-type=\"widget\" data-widget_type=\"bluebell_our_facilities_v2.default\">\n\t\t\t\t<div class=\"elementor-widget-container\">\n\t\t\t\t\t        \n    <!-- activities section -->\n    <section class=\"activities-section light-bg mx-60 border-shape-top\">\n        <div class=\"auto-container\">\n                                    <div class=\"top-text mb_40\">\n                <div class=\"row\">\n                                        <div class=\"col-lg-6\">\n                        <div class=\"text\">A Aldeia Rizoma oferece aos seus h\u00f3spedes uma s\u00e9rie de atividades voltadas para o bem estar f\u00edsico, mental e espiritual. Al\u00e9m da arquitetura desenhada para facilitar uma experi\u00eancia totalmente integrada  <\/div>\n                    <\/div>\n                                        \n                                        <div class=\"col-lg-6\">\n                        <div class=\"ps-lg-5 pe-lg-5\">\n                            <div class=\"text\">com a floresta, a Aldeia disp\u00f5e de trilhas, cachoeiras, academia, sauna e diversas op\u00e7\u00f5es para que cada estadia na Mata Atl\u00e2ntica seja tamb\u00e9m uma oportunidade de cura e reconex\u00e3o com a natureza. <\/div>\n                        <\/div>\n                    <\/div>\n                                    <\/div>\n            <\/div>\n            <div class=\"row\">\n                                <div class=\"col-lg-6\">                    \n                    <div class=\"inner-box\">\n                        <div class=\"image\"><img decoding=\"async\" src=\"https:\/\/aldeiarizoma.com\/wp-content\/uploads\/2022\/09\/Cachoeiras.jpg\" alt=\"Awesome Image\"><\/div>                        <div class=\"lower-contant\">\n                            <div class=\"text-two\">Banhos de Cachoeira<\/div>                            <h5>Cachoeiras Privativas<\/h5>                            <div class=\"text-three\">O cristalino rio Perequ\u00ea-A\u00e7u cruza a Aldeia Rizoma deixando 9 cachoeiras e po\u00e7os que s\u00e3o ideais para banho. As cachoeiras somente s\u00e3o acess\u00edveis para os h\u00f3spedes da Aldeia, garantindo a tranquilidade para desfrutar cada mergulho.\n <\/div>                        <\/div>\n                    <\/div>\n                <\/div>\n                                <div class=\"col-lg-6\">                    \n                    <div class=\"inner-box\">\n                        <div class=\"image\"><img decoding=\"async\" src=\"https:\/\/aldeiarizoma.com\/wp-content\/uploads\/2022\/09\/WhatsApp-Image-2022-08-28-at-2.49.47-PM-1.jpeg\" alt=\"Awesome Image\"><\/div>                        <div class=\"lower-contant\">\n                            <div class=\"text-two\">fitness<\/div>                            <h5>Academia da Floresta<\/h5>                            <div class=\"text-three\">O Espa\u00e7o Agni oferece uma academia completa com diversos equipamentos com uso livre e exclusivo para os h\u00f3spedes da Aldeia Rizoma. <\/div>                        <\/div>\n                    <\/div>\n                <\/div>\n                                <div class=\"col-lg-6\">                    \n                    <div class=\"inner-box\">\n                        <div class=\"image\"><img decoding=\"async\" src=\"https:\/\/aldeiarizoma.com\/wp-content\/uploads\/2022\/09\/WhatsApp-Image-2022-08-28-at-2.49.45-PM-1.jpeg\" alt=\"Awesome Image\"><\/div>                        <div class=\"lower-contant\">\n                            <div class=\"text-two\">SPA<\/div>                            <h5>Terapias Corporais<\/h5>                            <div class=\"text-three\">A Aldeia Rizoma oferece uma sala exclusiva para a realiza\u00e7\u00e3o de terapias corporais e uma curadoria cuidadosa de terapeutas credenciados de Paraty e que podem ser agendados durante a estadia. <\/div>                        <\/div>\n                    <\/div>\n                <\/div>\n                                <div class=\"col-lg-6\">                    \n                    <div class=\"inner-box\">\n                        <div class=\"image\"><img decoding=\"async\" src=\"https:\/\/aldeiarizoma.com\/wp-content\/uploads\/2022\/11\/temazcal-rizoma.jpg\" alt=\"Awesome Image\"><\/div>                        <div class=\"lower-contant\">\n                            <div class=\"text-two\">Ritual\u00edstica<\/div>                            <h5>Temazcal<\/h5>                            <div class=\"text-three\">Tamb\u00e9m conhecido como \u201cTenda do Suor\u201d, o Temazcal \u00e9 um banho de vapor com ervas medicinais realizado em rituais que propiciam a purifica\u00e7\u00e3o dos corpos f\u00edsico, mental, emocional e espiritual. Periodicamente a Aldeia Rizoma realiza sess\u00f5es para seus h\u00f3spedes e convidados. <\/div>                        <\/div>\n                    <\/div>\n                <\/div>\n                                <div class=\"col-lg-6\">                    \n                    <div class=\"inner-box\">\n                        <div class=\"image\"><img decoding=\"async\" src=\"https:\/\/aldeiarizoma.com\/wp-content\/uploads\/2022\/09\/sauna.jpg\" alt=\"Awesome Image\"><\/div>                        <div class=\"lower-contant\">\n                            <div class=\"text-two\">SPA<\/div>                            <h5>Sauna Seca<\/h5>                            <div class=\"text-three\">A Aldeia Rizoma possui uma sauna seca junto a uma das cachoeiras da propriedade. A Sauna comporta at\u00e9 6 pessoas e pode ser reservada, \u00e0 parte, apenas pelos h\u00f3spedes da Aldeia. <\/div>                        <\/div>\n                    <\/div>\n                <\/div>\n                                <div class=\"col-lg-6\">                    \n                    <div class=\"inner-box\">\n                        <div class=\"image\"><img decoding=\"async\" src=\"https:\/\/aldeiarizoma.com\/wp-content\/uploads\/2022\/06\/IMG-20211228-WA0011.jpg\" alt=\"Awesome Image\"><\/div>                        <div class=\"lower-contant\">\n                            <div class=\"text-two\">agroecologia<\/div>                            <h5>Agrofloresta<\/h5>                            <div class=\"text-three\">Uma agrofloresta situada na parte alta da Aldeia Rizoma oferece aos h\u00f3spedes a possibilidade de agendar visitas guiadas para conhecer mais sobre PANCS, plantas medicinais e manejos agroecol\u00f3gicos. <\/div>                        <\/div>\n                    <\/div>\n                <\/div>\n                                <div class=\"col-lg-6\">                    \n                    <div class=\"inner-box\">\n                        <div class=\"image\"><img decoding=\"async\" src=\"\" alt=\"Awesome Image\"><\/div>                        <div class=\"lower-contant\">\n                            <div class=\"text-two\">fogueira<\/div>                            <h5>Pra\u00e7a do Fogo<\/h5>                            <div class=\"text-three\">\u00c9 um espa\u00e7o constru\u00eddo para reunir grupos ao redor do fogo e com vista para a montanha de mata atl\u00e2ntica nativa. Nos dias de c\u00e9u claro \u00e9 poss\u00edvel se deslumbrar com o maravilhoso c\u00e9u estrelado da regi\u00e3o. <\/div>                        <\/div>\n                    <\/div>\n                <\/div>\n                                <div class=\"col-lg-6\">                    \n                    <div class=\"inner-box\">\n                        <div class=\"image\"><img decoding=\"async\" src=\"https:\/\/aldeiarizoma.com\/wp-content\/uploads\/2022\/09\/trilhas.jpg\" alt=\"Awesome Image\"><\/div>                        <div class=\"lower-contant\">\n                            <div class=\"text-two\">aventura<\/div>                            <h5>Trilhas Exclusivas<\/h5>                            <div class=\"text-three\">A Aldeia Rizoma possui quil\u00f4metros de trilhas amplamente seguras e sinalizadas para que os h\u00f3spedes possam experienciar a beleza da Mata Atl\u00e2ntica em suas caminhadas. De tempos em tempos a Aldeia organiza expedi\u00e7\u00f5es de identifica\u00e7\u00e3o bot\u00e2nica com guias e especialistas da regi\u00e3o.\n <\/div>                        <\/div>\n                    <\/div>\n                <\/div>\n                                <div class=\"col-lg-6\">                    \n                    <div class=\"inner-box\">\n                        <div class=\"image\"><img decoding=\"async\" src=\"https:\/\/aldeiarizoma.com\/wp-content\/uploads\/2022\/11\/Arte-rizoma.jpg\" alt=\"Awesome Image\"><\/div>                        <div class=\"lower-contant\">\n                            <div class=\"text-two\">arte<\/div>                            <h5>Instala\u00e7\u00f5es Art\u00edsticas<\/h5>                            <div class=\"text-three\">Periodicamente s\u00e3o realizadas resid\u00eancias art\u00edsticas na Aldeia, onde artistas s\u00e3o convidados a uma imers\u00e3o na Mata Atl\u00e2ntica para a produ\u00e7\u00e3o art\u00edstica. Algumas das obras j\u00e1 produzidas encontram-se na floresta, dentro da propriedade e podem ser visitadas. <\/div>                        <\/div>\n                    <\/div>\n                <\/div>\n                                <div class=\"col-lg-6\">                    \n                    <div class=\"inner-box\">\n                        <div class=\"image\"><img decoding=\"async\" src=\"\" alt=\"Awesome Image\"><\/div>                        <div class=\"lower-contant\">\n                            <div class=\"text-two\">aulas particulares<\/div>                            <h5>Yoga e Medita\u00e7\u00e3o<\/h5>                            <div class=\"text-three\">Aulas particulares com professores de Yoga e Medita\u00e7\u00e3o podem ser agendadas e realizadas nas casas da Aldeia ou no espa\u00e7o Agni. <\/div>                        <\/div>\n                    <\/div>\n                <\/div>\n                            <\/div>\n        <\/div>\n    <\/section>        \n    \n    \t\t\t\t<\/div>\n\t\t\t\t<\/div>\n\t\t\t\t\t<\/div>\n\t\t<\/div>\n\t\t\t\t\t<\/div>\n\t\t<\/section>\n\t\t\t\t<\/div>\n\t\t","protected":false},"excerpt":{"rendered":"<p>Wellness spa hol\u00edstico Wellness em meio \u00e0 Mata Atl\u00e2ntica A Aldeia Rizoma oferece aos seus h\u00f3spedes uma s\u00e9rie de atividades voltadas para o bem estar f\u00edsico, mental e espiritual. Al\u00e9m da arquitetura desenhada para facilitar uma experi\u00eancia totalmente integrada com a floresta, a Aldeia disp\u00f5e de trilhas, cachoeiras, academia, sauna e diversas op\u00e7\u00f5es para que [&hellip;]<\/p>\n","protected":false},"author":1,"featured_media":3309,"parent":0,"menu_order":0,"comment_status":"closed","ping_status":"closed","template":"elementor_header_footer","meta":{"footnotes":""},"class_list":["post-977","page","type-page","status-publish","has-post-thumbnail","hentry"],"meta_box":[],"_links":{"self":[{"href":"https:\/\/aldeiarizoma.com\/en\/wp-json\/wp\/v2\/pages\/977","targetHints":{"allow":["GET"]}}],"collection":[{"href":"https:\/\/aldeiarizoma.com\/en\/wp-json\/wp\/v2\/pages"}],"about":[{"href":"https:\/\/aldeiarizoma.com\/en\/wp-json\/wp\/v2\/types\/page"}],"author":[{"embeddable":true,"href":"https:\/\/aldeiarizoma.com\/en\/wp-json\/wp\/v2\/users\/1"}],"replies":[{"embeddable":true,"href":"https:\/\/aldeiarizoma.com\/en\/wp-json\/wp\/v2\/comments?post=977"}],"version-history":[{"count":44,"href":"https:\/\/aldeiarizoma.com\/en\/wp-json\/wp\/v2\/pages\/977\/revisions"}],"predecessor-version":[{"id":4067,"href":"https:\/\/aldeiarizoma.com\/en\/wp-json\/wp\/v2\/pages\/977\/revisions\/4067"}],"wp:featuredmedia":[{"embeddable":true,"href":"https:\/\/aldeiarizoma.com\/en\/wp-json\/wp\/v2\/media\/3309"}],"wp:attachment":[{"href":"https:\/\/aldeiarizoma.com\/en\/wp-json\/wp\/v2\/media?parent=977"}],"curies":[{"name":"wp","href":"https:\/\/api.w.org\/{rel}","templated":true}]}}