{"id":811,"date":"2021-12-20T10:51:50","date_gmt":"2021-12-20T10:51:50","guid":{"rendered":"http:\/\/fastwpdemo.com\/newwp\/bluebell\/?page_id=811"},"modified":"2025-06-24T12:23:59","modified_gmt":"2025-06-24T12:23:59","slug":"paraty","status":"publish","type":"page","link":"https:\/\/aldeiarizoma.com\/en\/paraty\/","title":{"rendered":"Paraty"},"content":{"rendered":"<style>.elementor-811 .elementor-element.elementor-element-752d5f1 > .elementor-container{min-height:600px;}.elementor-811 .elementor-element.elementor-element-752d5f1{transition:background 0.3s, border 0.3s, border-radius 0.3s, box-shadow 0.3s;margin-top:-15px;margin-bottom:0px;padding:0px 0px 0px 0px;}.elementor-811 .elementor-element.elementor-element-752d5f1 > .elementor-background-overlay{transition:background 0.3s, border-radius 0.3s, opacity 0.3s;}.elementor-811 .elementor-element.elementor-element-dc3a85d{text-align:center;}.elementor-811 .elementor-element.elementor-element-dc3a85d .elementor-heading-title{font-family:\"ivypresto-display\", Sans-serif;font-size:72px;font-weight:700;letter-spacing:4px;color:#FFFFFF;}.elementor-811 .elementor-element.elementor-element-ddea458{--display:flex;--flex-direction:row;--container-widget-width:calc( ( 1 - var( --container-widget-flex-grow ) ) * 100% );--container-widget-height:100%;--container-widget-flex-grow:1;--container-widget-align-self:stretch;--flex-wrap-mobile:wrap;--align-items:center;--gap:0px 0px;--row-gap:0px;--column-gap:0px;--margin-top:100px;--margin-bottom:100px;--margin-left:0px;--margin-right:0px;}.elementor-811 .elementor-element.elementor-element-50db6f4{--display:flex;--flex-direction:column;--container-widget-width:100%;--container-widget-height:initial;--container-widget-flex-grow:0;--container-widget-align-self:initial;--flex-wrap-mobile:wrap;}.elementor-811 .elementor-element.elementor-element-7da4312 > .elementor-widget-container{margin:0px 0px 40px 0px;}.elementor-811 .elementor-element.elementor-element-7da4312 .elementor-heading-title{font-family:\"ivypresto-display\", Sans-serif;font-weight:400;letter-spacing:3.5px;}.elementor-811 .elementor-element.elementor-element-f501584 > .elementor-widget-container{margin:0px 40px 0px 0px;}.elementor-811 .elementor-element.elementor-element-f501584{font-family:\"arboria\", Sans-serif;font-size:20px;line-height:26px;}.elementor-811 .elementor-element.elementor-element-32f902e{--display:flex;--flex-direction:column;--container-widget-width:100%;--container-widget-height:initial;--container-widget-flex-grow:0;--container-widget-align-self:initial;--flex-wrap-mobile:wrap;--margin-top:0px;--margin-bottom:0px;--margin-left:50px;--margin-right:0px;}body:not(.rtl) .elementor-811 .elementor-element.elementor-element-a7ca98b{left:131px;}body.rtl .elementor-811 .elementor-element.elementor-element-a7ca98b{right:131px;}.elementor-811 .elementor-element.elementor-element-a7ca98b{top:665px;}.elementor-811 .elementor-element.elementor-element-a7ca98b img{border-radius:6px 6px 6px 6px;}.elementor-811 .elementor-element.elementor-element-c278c33 img{border-radius:6px 6px 6px 6px;}@media(min-width:768px){.elementor-811 .elementor-element.elementor-element-ddea458{--content-width:1270px;}.elementor-811 .elementor-element.elementor-element-50db6f4{--width:50%;}.elementor-811 .elementor-element.elementor-element-32f902e{--width:50%;}}@media(max-width:1024px){.elementor-811 .elementor-element.elementor-element-752d5f1 > .elementor-container{min-height:480px;}}@media(max-width:767px){.elementor-811 .elementor-element.elementor-element-752d5f1 > .elementor-container{min-height:500px;}.elementor-811 .elementor-element.elementor-element-752d5f1 .elementor-background-slideshow__slide__image{background-position:bottom center;}.elementor-811 .elementor-element.elementor-element-dc3a85d .elementor-heading-title{font-size:50px;}.elementor-811 .elementor-element.elementor-element-ddea458{--margin-top:50px;--margin-bottom:50px;--margin-left:0px;--margin-right:0px;}body:not(.rtl) .elementor-811 .elementor-element.elementor-element-a7ca98b{left:63px;}body.rtl .elementor-811 .elementor-element.elementor-element-a7ca98b{right:63px;}.elementor-811 .elementor-element.elementor-element-a7ca98b{top:347px;}}<\/style>\t\t<div data-elementor-type=\"wp-page\" data-elementor-id=\"811\" class=\"elementor elementor-811\" data-elementor-post-type=\"page\">\n\t\t\t\t\t\t<section class=\"elementor-section elementor-top-section elementor-element elementor-element-752d5f1 elementor-section-full_width elementor-section-height-min-height elementor-section-height-default elementor-section-items-middle\" data-id=\"752d5f1\" data-element_type=\"section\" data-settings=\"{&quot;background_background&quot;:&quot;slideshow&quot;,&quot;background_slideshow_gallery&quot;:[{&quot;id&quot;:2615,&quot;url&quot;:&quot;https:\\\/\\\/aldeiarizoma.com\\\/wp-content\\\/uploads\\\/2022\\\/07\\\/gilberto-olimpio-2e6qccw499s-unsplash-1-scaled.jpg&quot;}],&quot;background_slideshow_slide_duration&quot;:3000,&quot;background_slideshow_slide_transition&quot;:&quot;slide_left&quot;,&quot;background_slideshow_loop&quot;:&quot;yes&quot;,&quot;background_slideshow_transition_duration&quot;:500}\">\n\t\t\t\t\t\t<div class=\"elementor-container elementor-column-gap-default\">\n\t\t\t\t\t<div class=\"elementor-column elementor-col-100 elementor-top-column elementor-element elementor-element-1f37dab\" data-id=\"1f37dab\" data-element_type=\"column\">\n\t\t\t<div class=\"elementor-widget-wrap elementor-element-populated\">\n\t\t\t\t\t\t<div class=\"elementor-element elementor-element-dc3a85d elementor-widget elementor-widget-heading\" data-id=\"dc3a85d\" data-element_type=\"widget\" data-widget_type=\"heading.default\">\n\t\t\t\t<div class=\"elementor-widget-container\">\n\t\t\t\t\t<h3 class=\"elementor-heading-title elementor-size-default\">Paraty<\/h3>\t\t\t\t<\/div>\n\t\t\t\t<\/div>\n\t\t\t\t\t<\/div>\n\t\t<\/div>\n\t\t\t\t\t<\/div>\n\t\t<\/section>\n\t\t<div class=\"elementor-element elementor-element-ddea458 e-flex e-con-boxed e-con e-parent\" data-id=\"ddea458\" data-element_type=\"container\">\n\t\t\t\t\t<div class=\"e-con-inner\">\n\t\t<div class=\"elementor-element elementor-element-50db6f4 e-con-full e-flex e-con e-child\" data-id=\"50db6f4\" data-element_type=\"container\">\n\t\t\t\t<div class=\"elementor-element elementor-element-7da4312 elementor-widget elementor-widget-heading\" data-id=\"7da4312\" data-element_type=\"widget\" data-widget_type=\"heading.default\">\n\t\t\t\t<div class=\"elementor-widget-container\">\n\t\t\t\t\t<h2 class=\"elementor-heading-title elementor-size-default\">Patrim\u00f4nio Mundial da Unesco<\/h2>\t\t\t\t<\/div>\n\t\t\t\t<\/div>\n\t\t\t\t<div class=\"elementor-element elementor-element-f501584 elementor-widget elementor-widget-text-editor\" data-id=\"f501584\" data-element_type=\"widget\" data-widget_type=\"text-editor.default\">\n\t\t\t\t<div class=\"elementor-widget-container\">\n\t\t\t\t\t\t\t\t\t<p><strong>Paraty, a hist\u00f3ria do Brasil cercada por mar e montanhas.<\/strong><\/p><p>\u00a0<\/p><p>Paraty \u00e9 uma cidade na Costa Verde, considerada Patrim\u00f4nio Mundial da Unesco por sua riqueza de reservas naturais e seu importante valor hist\u00f3rico para o pa\u00eds. A cidade \u00e9 um importante hub cultural que recebe diversos festivais de m\u00fasica, literatura e gastronomia. Paraty abriga in\u00fameras comunidades ind\u00edgenas, quilombolas e cai\u00e7aras, assim como muitas comunidades estrangeiras.<\/p><p>\u00a0<\/p><p>Cercada pelas montanhas da Serra do Mar, a cidade abriga dezenas de cachoeiras. No mar, a ba\u00eda de Paraty possui 65 ilhas e mais de 300 praias paradis\u00edacas. Fundada em 1665, a cidade possui um Centro Hist\u00f3rico repleto de lojas, bares e restaurantes internacionais. Hospedar-se na Aldeia Rizoma, \u00e9 ter a oportunidade de conhecer e desfrutar de uma das cidades mais bonitas e charmosas do mundo.<\/p>\t\t\t\t\t\t\t\t<\/div>\n\t\t\t\t<\/div>\n\t\t\t\t<\/div>\n\t\t<div class=\"elementor-element elementor-element-32f902e e-con-full e-flex e-con e-child\" data-id=\"32f902e\" data-element_type=\"container\">\n\t\t\t\t<div class=\"elementor-element elementor-element-a7ca98b elementor-absolute elementor-widget elementor-widget-image\" data-id=\"a7ca98b\" data-element_type=\"widget\" data-settings=\"{&quot;_position&quot;:&quot;absolute&quot;}\" data-widget_type=\"image.default\">\n\t\t\t\t<div class=\"elementor-widget-container\">\n\t\t\t\t\t\t\t\t\t\t\t\t\t\t\t<img fetchpriority=\"high\" decoding=\"async\" width=\"792\" height=\"195\" src=\"https:\/\/aldeiarizoma.com\/wp-content\/uploads\/2022\/09\/logos-paraty.png\" class=\"attachment-large size-large wp-image-3069\" alt=\"\" srcset=\"https:\/\/aldeiarizoma.com\/wp-content\/uploads\/2022\/09\/logos-paraty.png 792w, https:\/\/aldeiarizoma.com\/wp-content\/uploads\/2022\/09\/logos-paraty-600x148.png 600w, https:\/\/aldeiarizoma.com\/wp-content\/uploads\/2022\/09\/logos-paraty-300x74.png 300w, https:\/\/aldeiarizoma.com\/wp-content\/uploads\/2022\/09\/logos-paraty-768x189.png 768w, https:\/\/aldeiarizoma.com\/wp-content\/uploads\/2022\/09\/logos-paraty-18x4.png 18w\" sizes=\"(max-width: 792px) 100vw, 792px\" \/>\t\t\t\t\t\t\t\t\t\t\t\t\t\t\t<\/div>\n\t\t\t\t<\/div>\n\t\t\t\t<div class=\"elementor-element elementor-element-c278c33 elementor-widget elementor-widget-image\" data-id=\"c278c33\" data-element_type=\"widget\" data-widget_type=\"image.default\">\n\t\t\t\t<div class=\"elementor-widget-container\">\n\t\t\t\t\t\t\t\t\t\t\t\t\t\t\t<img decoding=\"async\" width=\"724\" height=\"1024\" src=\"https:\/\/aldeiarizoma.com\/wp-content\/uploads\/2022\/07\/guilherme-gabrielli-u7NV4Ck7hNM-unsplash-724x1024.jpg\" class=\"attachment-large size-large wp-image-2611\" alt=\"\" srcset=\"https:\/\/aldeiarizoma.com\/wp-content\/uploads\/2022\/07\/guilherme-gabrielli-u7NV4Ck7hNM-unsplash-724x1024.jpg 724w, https:\/\/aldeiarizoma.com\/wp-content\/uploads\/2022\/07\/guilherme-gabrielli-u7NV4Ck7hNM-unsplash-600x848.jpg 600w, https:\/\/aldeiarizoma.com\/wp-content\/uploads\/2022\/07\/guilherme-gabrielli-u7NV4Ck7hNM-unsplash-212x300.jpg 212w, https:\/\/aldeiarizoma.com\/wp-content\/uploads\/2022\/07\/guilherme-gabrielli-u7NV4Ck7hNM-unsplash-768x1086.jpg 768w, https:\/\/aldeiarizoma.com\/wp-content\/uploads\/2022\/07\/guilherme-gabrielli-u7NV4Ck7hNM-unsplash-1086x1536.jpg 1086w, https:\/\/aldeiarizoma.com\/wp-content\/uploads\/2022\/07\/guilherme-gabrielli-u7NV4Ck7hNM-unsplash.jpg 1358w\" sizes=\"(max-width: 724px) 100vw, 724px\" \/>\t\t\t\t\t\t\t\t\t\t\t\t\t\t\t<\/div>\n\t\t\t\t<\/div>\n\t\t\t\t<\/div>\n\t\t\t\t\t<\/div>\n\t\t\t\t<\/div>\n\t\t\t\t<\/div>\n\t\t","protected":false},"excerpt":{"rendered":"<p>Paraty Patrim\u00f4nio Mundial da Unesco Paraty, a hist\u00f3ria do Brasil cercada por mar e montanhas. \u00a0 Paraty \u00e9 uma cidade na Costa Verde, considerada Patrim\u00f4nio Mundial da Unesco por sua riqueza de reservas naturais e seu importante valor hist\u00f3rico para o pa\u00eds. A cidade \u00e9 um importante hub cultural que recebe diversos festivais de m\u00fasica, [&hellip;]<\/p>\n","protected":false},"author":1,"featured_media":0,"parent":0,"menu_order":0,"comment_status":"closed","ping_status":"closed","template":"elementor_header_footer","meta":{"footnotes":""},"class_list":["post-811","page","type-page","status-publish","hentry"],"meta_box":[],"_links":{"self":[{"href":"https:\/\/aldeiarizoma.com\/en\/wp-json\/wp\/v2\/pages\/811","targetHints":{"allow":["GET"]}}],"collection":[{"href":"https:\/\/aldeiarizoma.com\/en\/wp-json\/wp\/v2\/pages"}],"about":[{"href":"https:\/\/aldeiarizoma.com\/en\/wp-json\/wp\/v2\/types\/page"}],"author":[{"embeddable":true,"href":"https:\/\/aldeiarizoma.com\/en\/wp-json\/wp\/v2\/users\/1"}],"replies":[{"embeddable":true,"href":"https:\/\/aldeiarizoma.com\/en\/wp-json\/wp\/v2\/comments?post=811"}],"version-history":[{"count":30,"href":"https:\/\/aldeiarizoma.com\/en\/wp-json\/wp\/v2\/pages\/811\/revisions"}],"predecessor-version":[{"id":5741,"href":"https:\/\/aldeiarizoma.com\/en\/wp-json\/wp\/v2\/pages\/811\/revisions\/5741"}],"wp:attachment":[{"href":"https:\/\/aldeiarizoma.com\/en\/wp-json\/wp\/v2\/media?parent=811"}],"curies":[{"name":"wp","href":"https:\/\/api.w.org\/{rel}","templated":true}]}}