{"id":5527,"date":"2026-01-11T21:08:39","date_gmt":"2026-01-11T21:08:39","guid":{"rendered":"https:\/\/aldeiarizoma.com\/?page_id=5527"},"modified":"2026-01-11T21:08:41","modified_gmt":"2026-01-11T21:08:41","slug":"politica-de-cancelamento-retiro","status":"publish","type":"page","link":"https:\/\/aldeiarizoma.com\/en\/politica-de-cancelamento-retiro\/","title":{"rendered":"Pol\u00edtica de Cancelamento"},"content":{"rendered":"<p>\/ At\u00e9 45 dias antes: devolu\u00e7\u00e3o de 100%<br>\/ At\u00e9 30 dias antes: devolu\u00e7\u00e3o de 70%<br>\/ At\u00e9 15 dias antes: devolu\u00e7\u00e3o de 50%<br>\/ Desist\u00eancias com menos de 15 dias n\u00e3o h\u00e1 devolu\u00e7\u00e3o.<\/p>\n\n\n\n<p><\/p>","protected":false},"excerpt":{"rendered":"<p>\/ At\u00e9 45 dias antes: devolu\u00e7\u00e3o de 100%\/ At\u00e9 30 dias antes: devolu\u00e7\u00e3o de 70%\/ At\u00e9 15 dias antes: devolu\u00e7\u00e3o de 50%\/ Desist\u00eancias com menos de 15 dias n\u00e3o h\u00e1 devolu\u00e7\u00e3o.<\/p>","protected":false},"author":1,"featured_media":0,"parent":0,"menu_order":0,"comment_status":"closed","ping_status":"closed","template":"","meta":{"footnotes":""},"class_list":["post-5527","page","type-page","status-publish","hentry"],"meta_box":[],"_links":{"self":[{"href":"https:\/\/aldeiarizoma.com\/en\/wp-json\/wp\/v2\/pages\/5527","targetHints":{"allow":["GET"]}}],"collection":[{"href":"https:\/\/aldeiarizoma.com\/en\/wp-json\/wp\/v2\/pages"}],"about":[{"href":"https:\/\/aldeiarizoma.com\/en\/wp-json\/wp\/v2\/types\/page"}],"author":[{"embeddable":true,"href":"https:\/\/aldeiarizoma.com\/en\/wp-json\/wp\/v2\/users\/1"}],"replies":[{"embeddable":true,"href":"https:\/\/aldeiarizoma.com\/en\/wp-json\/wp\/v2\/comments?post=5527"}],"version-history":[{"count":1,"href":"https:\/\/aldeiarizoma.com\/en\/wp-json\/wp\/v2\/pages\/5527\/revisions"}],"predecessor-version":[{"id":6383,"href":"https:\/\/aldeiarizoma.com\/en\/wp-json\/wp\/v2\/pages\/5527\/revisions\/6383"}],"wp:attachment":[{"href":"https:\/\/aldeiarizoma.com\/en\/wp-json\/wp\/v2\/media?parent=5527"}],"curies":[{"name":"wp","href":"https:\/\/api.w.org\/{rel}","templated":true}]}}