{"id":5208,"date":"2024-07-03T15:52:00","date_gmt":"2024-07-03T15:52:00","guid":{"rendered":"https:\/\/aldeiarizoma.com\/?page_id=5208"},"modified":"2024-07-03T15:53:04","modified_gmt":"2024-07-03T15:53:04","slug":"reserva-em-analise","status":"publish","type":"page","link":"https:\/\/aldeiarizoma.com\/en\/reserva-em-analise\/","title":{"rendered":"Reserva Em An\u00e1lise"},"content":{"rendered":"<style>.elementor-5208 .elementor-element.elementor-element-2fedba0:not(.elementor-motion-effects-element-type-background), .elementor-5208 .elementor-element.elementor-element-2fedba0 > .elementor-motion-effects-container > .elementor-motion-effects-layer{background-color:var( --e-global-color-text );}.elementor-5208 .elementor-element.elementor-element-2fedba0 > .elementor-container{min-height:603px;}.elementor-5208 .elementor-element.elementor-element-2fedba0{transition:background 0.3s, border 0.3s, border-radius 0.3s, box-shadow 0.3s;margin-top:100px;margin-bottom:100px;}.elementor-5208 .elementor-element.elementor-element-2fedba0 > .elementor-background-overlay{transition:background 0.3s, border-radius 0.3s, opacity 0.3s;}.elementor-5208 .elementor-element.elementor-element-5e09712 > .elementor-element-populated{margin:0px 0px 0px 0px;--e-column-margin-right:0px;--e-column-margin-left:0px;padding:0px 0px 0px 0px;}.elementor-5208 .elementor-element.elementor-element-a856b5b{--spacer-size:100px;}.elementor-5208 .elementor-element.elementor-element-a759baa > .elementor-widget-container{margin:0px 0px 0px 0px;padding:0px 0px 0px 0px;}.elementor-5208 .elementor-element.elementor-element-a759baa{text-align:center;}.elementor-5208 .elementor-element.elementor-element-a759baa .elementor-heading-title{font-family:\"Roboto\", Sans-serif;font-size:14px;font-weight:700;text-transform:uppercase;line-height:1.6em;letter-spacing:2px;color:var( --e-global-color-78cc924 );}.elementor-5208 .elementor-element.elementor-element-bde0536 > .elementor-widget-container{margin:0px 0px 0px 0px;padding:0px 0px 0px 0px;}.elementor-5208 .elementor-element.elementor-element-bde0536{text-align:center;}.elementor-5208 .elementor-element.elementor-element-bde0536 .elementor-heading-title{font-family:\"ivypresto-display\", Sans-serif;font-size:33px;font-weight:800;line-height:60px;letter-spacing:2.3px;color:var( --e-global-color-8da3e43 );}.elementor-5208 .elementor-element.elementor-element-8bee1d2 > .elementor-widget-container{margin:0px 250px 0px 250px;}.elementor-5208 .elementor-element.elementor-element-8bee1d2.elementor-element{--align-self:center;}.elementor-5208 .elementor-element.elementor-element-8bee1d2{font-family:\"arboria\", Sans-serif;font-size:20px;font-weight:500;line-height:1.5em;color:var( --e-global-color-78cc924 );}.elementor-5208 .elementor-element.elementor-element-6c7922f > .elementor-widget-container{margin:50px 0px 0px 0px;}.elementor-5208 .elementor-element.elementor-element-6c7922f .elementor-button{font-family:\"arboria\", Sans-serif;font-size:18px;font-weight:500;text-transform:none;}@media(max-width:1024px){.elementor-5208 .elementor-element.elementor-element-bde0536 > .elementor-widget-container{margin:0px 0px 10px 40px;}.elementor-5208 .elementor-element.elementor-element-8bee1d2 > .elementor-widget-container{margin:0px 50px 0px 50px;}}@media(max-width:767px){.elementor-5208 .elementor-element.elementor-element-2fedba0{margin-top:0px;margin-bottom:0px;padding:0px 0px 0px 0px;}.elementor-5208 .elementor-element.elementor-element-a856b5b{--spacer-size:54px;}.elementor-5208 .elementor-element.elementor-element-a759baa > .elementor-widget-container{margin:50px 20px 10px 20px;}.elementor-5208 .elementor-element.elementor-element-a759baa{text-align:center;}.elementor-5208 .elementor-element.elementor-element-bde0536 > .elementor-widget-container{margin:0px 20px 20px 20px;}.elementor-5208 .elementor-element.elementor-element-bde0536{text-align:center;}.elementor-5208 .elementor-element.elementor-element-8bee1d2 > .elementor-widget-container{margin:0px 30px 0px 30px;}}<\/style>\t\t<div data-elementor-type=\"wp-page\" data-elementor-id=\"5208\" class=\"elementor elementor-5208\" data-elementor-post-type=\"page\">\n\t\t\t\t\t\t<section class=\"elementor-section elementor-top-section elementor-element elementor-element-2fedba0 elementor-section-full_width elementor-section-height-min-height elementor-section-height-default elementor-section-items-middle\" data-id=\"2fedba0\" data-element_type=\"section\" data-settings=\"{&quot;background_background&quot;:&quot;classic&quot;}\">\n\t\t\t\t\t\t<div class=\"elementor-container elementor-column-gap-default\">\n\t\t\t\t\t<div class=\"elementor-column elementor-col-100 elementor-top-column elementor-element elementor-element-5e09712\" data-id=\"5e09712\" data-element_type=\"column\">\n\t\t\t<div class=\"elementor-widget-wrap elementor-element-populated\">\n\t\t\t\t\t\t<div class=\"elementor-element elementor-element-a856b5b elementor-widget elementor-widget-spacer\" data-id=\"a856b5b\" data-element_type=\"widget\" data-widget_type=\"spacer.default\">\n\t\t\t\t<div class=\"elementor-widget-container\">\n\t\t\t\t\t\t\t<div class=\"elementor-spacer\">\n\t\t\t<div class=\"elementor-spacer-inner\"><\/div>\n\t\t<\/div>\n\t\t\t\t\t\t<\/div>\n\t\t\t\t<\/div>\n\t\t\t\t<div class=\"elementor-element elementor-element-a759baa elementor-widget elementor-widget-heading\" data-id=\"a759baa\" data-element_type=\"widget\" data-widget_type=\"heading.default\">\n\t\t\t\t<div class=\"elementor-widget-container\">\n\t\t\t\t\t<h2 class=\"elementor-heading-title elementor-size-default\">Aldeia Rizoma<\/h2>\t\t\t\t<\/div>\n\t\t\t\t<\/div>\n\t\t\t\t<div class=\"elementor-element elementor-element-bde0536 elementor-widget elementor-widget-heading\" data-id=\"bde0536\" data-element_type=\"widget\" data-widget_type=\"heading.default\">\n\t\t\t\t<div class=\"elementor-widget-container\">\n\t\t\t\t\t<h2 class=\"elementor-heading-title elementor-size-default\">Sua solicita\u00e7\u00e3o de reserva foi enviada com sucesso.<\/h2>\t\t\t\t<\/div>\n\t\t\t\t<\/div>\n\t\t\t\t<div class=\"elementor-element elementor-element-8bee1d2 elementor-widget elementor-widget-text-editor\" data-id=\"8bee1d2\" data-element_type=\"widget\" data-widget_type=\"text-editor.default\">\n\t\t\t\t<div class=\"elementor-widget-container\">\n\t\t\t\t\t\t\t\t\t<p style=\"text-align: center;\">\u00a0Em breve nosso time ir\u00e1 entrar em contato para enviar os dados de pagamento efetuar a confirma\u00e7\u00e3o de sua reserva. Se precisar de algo mais, voc\u00ea pode falar conosco pelo WhatsApp.<\/p>\t\t\t\t\t\t\t\t<\/div>\n\t\t\t\t<\/div>\n\t\t\t\t<div class=\"elementor-element elementor-element-6c7922f elementor-align-center elementor-widget elementor-widget-button\" data-id=\"6c7922f\" data-element_type=\"widget\" data-widget_type=\"button.default\">\n\t\t\t\t<div class=\"elementor-widget-container\">\n\t\t\t\t\t\t\t\t\t<div class=\"elementor-button-wrapper\">\n\t\t\t\t\t<a class=\"elementor-button elementor-button-link elementor-size-sm\" href=\"https:\/\/wa.me\/5524992980387\">\n\t\t\t\t\t\t<span class=\"elementor-button-content-wrapper\">\n\t\t\t\t\t\t\t\t\t<span class=\"elementor-button-text\">Conversar pelo WhatsApp<\/span>\n\t\t\t\t\t<\/span>\n\t\t\t\t\t<\/a>\n\t\t\t\t<\/div>\n\t\t\t\t\t\t\t\t<\/div>\n\t\t\t\t<\/div>\n\t\t\t\t\t<\/div>\n\t\t<\/div>\n\t\t\t\t\t<\/div>\n\t\t<\/section>\n\t\t\t\t<\/div>","protected":false},"excerpt":{"rendered":"<p>Aldeia Rizoma Sua solicita\u00e7\u00e3o de reserva foi enviada com sucesso. \u00a0Em breve nosso time ir\u00e1 entrar em contato para enviar os dados de pagamento efetuar a confirma\u00e7\u00e3o de sua reserva. Se precisar de algo mais, voc\u00ea pode falar conosco pelo WhatsApp. Conversar pelo WhatsApp<\/p>","protected":false},"author":1,"featured_media":0,"parent":0,"menu_order":0,"comment_status":"closed","ping_status":"closed","template":"elementor_header_footer","meta":{"footnotes":""},"class_list":["post-5208","page","type-page","status-publish","hentry"],"meta_box":[],"_links":{"self":[{"href":"https:\/\/aldeiarizoma.com\/en\/wp-json\/wp\/v2\/pages\/5208","targetHints":{"allow":["GET"]}}],"collection":[{"href":"https:\/\/aldeiarizoma.com\/en\/wp-json\/wp\/v2\/pages"}],"about":[{"href":"https:\/\/aldeiarizoma.com\/en\/wp-json\/wp\/v2\/types\/page"}],"author":[{"embeddable":true,"href":"https:\/\/aldeiarizoma.com\/en\/wp-json\/wp\/v2\/users\/1"}],"replies":[{"embeddable":true,"href":"https:\/\/aldeiarizoma.com\/en\/wp-json\/wp\/v2\/comments?post=5208"}],"version-history":[{"count":3,"href":"https:\/\/aldeiarizoma.com\/en\/wp-json\/wp\/v2\/pages\/5208\/revisions"}],"predecessor-version":[{"id":5211,"href":"https:\/\/aldeiarizoma.com\/en\/wp-json\/wp\/v2\/pages\/5208\/revisions\/5211"}],"wp:attachment":[{"href":"https:\/\/aldeiarizoma.com\/en\/wp-json\/wp\/v2\/media?parent=5208"}],"curies":[{"name":"wp","href":"https:\/\/api.w.org\/{rel}","templated":true}]}}